{"id":1799,"date":"2023-05-23T07:37:58","date_gmt":"2023-05-23T07:37:58","guid":{"rendered":"https:\/\/hotel-schiff.de\/?page_id=1799"},"modified":"2023-07-18T20:57:45","modified_gmt":"2023-07-18T20:57:45","slug":"anfahrt","status":"publish","type":"page","link":"https:\/\/hotel-schiff.de\/?page_id=1799","title":{"rendered":"Anfahrt"},"content":{"rendered":"\n<h3><strong>Anfahrt &amp; Parken<\/strong><\/h3>\n\n\n\n<p>Verlassen Sie die Autobahn <strong>A3<\/strong> an der Abfahrt <strong>71<\/strong> <strong>W\u00fcrzburg<\/strong> in Richtung Eibelstadt.<br>Fahren Sie auf der <strong>B13<\/strong> an Eibelstadt vorbei und \u00fcberqueren Sie die folgende Br\u00fccke<br>zu Ihrer Rechten. Verlassen Sie den Kreisverkehr an der 2. Ausfahrt Richtung W\u00fcrzburg <br>und biegen Sie anschlie\u00dfen die n\u00e4chste Abzweigung rechts zum Sportplatz ab.<br>Dort sowie entlang des Werrwegs (Stra\u00dfe am Main) finden Sie <strong>kostenfreie Parkpl\u00e4tze<\/strong>.<\/p>\n\n\n\n<figure class=\"wp-block-image size-full\"><a href=\"https:\/\/hotel-schiff.de\/wp-content\/uploads\/2023\/06\/Bild_2023-06-08_153933171.png\"><img decoding=\"async\" loading=\"lazy\" width=\"549\" height=\"744\" src=\"https:\/\/hotel-schiff.de\/wp-content\/uploads\/2023\/06\/Bild_2023-06-08_153933171.png\" alt=\"\" class=\"wp-image-1890\" srcset=\"https:\/\/hotel-schiff.de\/wp-content\/uploads\/2023\/06\/Bild_2023-06-08_153933171.png 549w, https:\/\/hotel-schiff.de\/wp-content\/uploads\/2023\/06\/Bild_2023-06-08_153933171-221x300.png 221w\" sizes=\"(max-width: 549px) 100vw, 549px\" \/><\/a><\/figure>\n\n\n\n<p><strong>Anreise mit dem Fahrrad:<\/strong><\/p>\n\n\n\n<p>Fahrr\u00e4der k\u00f6nnen an den \u00f6ffentlichen Fahrradst\u00e4ndern neben der unteren Terrasse abgestellt werden. Sollten Sie Ihre Fahrr\u00e4der widerrechtlich auf den Terrassen abstellen und somit unser Personal behindern, werden wir die Fahrr\u00e4der wegr\u00e4umen und \u00fcbernehmen keine Haftung f\u00fcr dadurch entstehende Sch\u00e4den. Wir empfehlen au\u00dferdem, die Fahrr\u00e4der nicht in schlecht einsehbaren Kurven abzustellen.<\/p>\n\n\n\n<p>Leider k\u00f6nnen wir Ihnen f\u00fcr Ihre Fahrr\u00e4der keinen Unterstand bieten.<br>Auch Steckdosen f\u00fcr E-Bikes stehen nicht zur Verf\u00fcgung.<br><\/p>\n","protected":false},"excerpt":{"rendered":"<p>Anfahrt &amp; Parken Verlassen Sie die Autobahn A3 an der Abfahrt 71 W\u00fcrzburg in Richtung Eibelstadt.Fahren Sie auf der B13 an Eibelstadt vorbei und \u00fcberqueren Sie die folgende Br\u00fcckezu Ihrer Rechten. Verlassen Sie den Kreisverkehr an der 2. Ausfahrt Richtung W\u00fcrzburg und biegen Sie anschlie\u00dfen die n\u00e4chste Abzweigung rechts zum Sportplatz ab.Dort sowie entlang des<\/p>\n<div class=\"more-link\">\n\t\t\t\t <a href=\"https:\/\/hotel-schiff.de\/?page_id=1799\" class=\"btn theme-btn\"><span>Weiterlesen <\/span><\/a>\n\t\t\t<\/div>\n","protected":false},"author":2,"featured_media":0,"parent":0,"menu_order":0,"comment_status":"closed","ping_status":"closed","template":"","meta":[],"_links":{"self":[{"href":"https:\/\/hotel-schiff.de\/index.php?rest_route=\/wp\/v2\/pages\/1799"}],"collection":[{"href":"https:\/\/hotel-schiff.de\/index.php?rest_route=\/wp\/v2\/pages"}],"about":[{"href":"https:\/\/hotel-schiff.de\/index.php?rest_route=\/wp\/v2\/types\/page"}],"author":[{"embeddable":true,"href":"https:\/\/hotel-schiff.de\/index.php?rest_route=\/wp\/v2\/users\/2"}],"replies":[{"embeddable":true,"href":"https:\/\/hotel-schiff.de\/index.php?rest_route=%2Fwp%2Fv2%2Fcomments&post=1799"}],"version-history":[{"count":5,"href":"https:\/\/hotel-schiff.de\/index.php?rest_route=\/wp\/v2\/pages\/1799\/revisions"}],"predecessor-version":[{"id":1912,"href":"https:\/\/hotel-schiff.de\/index.php?rest_route=\/wp\/v2\/pages\/1799\/revisions\/1912"}],"wp:attachment":[{"href":"https:\/\/hotel-schiff.de\/index.php?rest_route=%2Fwp%2Fv2%2Fmedia&parent=1799"}],"curies":[{"name":"wp","href":"https:\/\/api.w.org\/{rel}","templated":true}]}}